{"id":120,"date":"2025-05-02T00:41:55","date_gmt":"2025-05-02T00:41:55","guid":{"rendered":"https:\/\/qarevia-consulting.com\/nos-accompagnements\/"},"modified":"2025-05-19T18:46:51","modified_gmt":"2025-05-19T18:46:51","slug":"nos-accompagnements","status":"publish","type":"page","link":"https:\/\/qarevia-consulting.com\/en\/nos-accompagnements\/","title":{"rendered":"Certification Pr\u00e9ven&rsquo;Care &amp; Mental&rsquo;Care"},"content":{"rendered":"<div class=\"wp-block-group has-ast-global-color-4-background-color has-background is-layout-constrained wp-block-group-is-layout-constrained\">\n<h2 class=\"wp-block-heading\" id=\"parcours-prevencare\">Quelle est le parcours de certification Pr\u00e9ven&rsquo;Care? Les 4 \u00e9tapes<\/h2>\n\n\n\n<div data-aos= \"fade\" data-aos-duration=\"400\" data-aos-delay=\"0\" data-aos-easing=\"ease\" data-aos-once=\"true\" class=\"wp-block-uagb-tabs uagb-block-80c4f704 uagb-tabs__wrap uagb-tabs__hstyle3-desktop uagb-tabs__vstyle6-tablet uagb-tabs__stack1-mobile uag-blocks-common-selector\" data-tab-active=\"0\" style=\"--z-index-desktop:476;;--z-index-tablet:undefined;;--z-index-mobile:undefined;\"><ul class=\"uagb-tabs__panel uagb-tabs__align-left\" role=\"tablist\"><li class=\"uagb-tab uagb-tabs__active\" role=\"none\"><a href=\"#uagb-tabs__tab0\" class=\"uagb-tabs-list uagb-tabs__icon-position-left\" data-tab=\"0\" role=\"tab\"><div>Etape 1<\/div><\/a><\/li><li class=\"uagb-tab\" role=\"none\"><a href=\"#uagb-tabs__tab1\" class=\"uagb-tabs-list uagb-tabs__icon-position-left\" data-tab=\"1\" role=\"tab\"><div>Etape 2<\/div><\/a><\/li><li class=\"uagb-tab\" role=\"none\"><a href=\"#uagb-tabs__tab2\" class=\"uagb-tabs-list uagb-tabs__icon-position-left\" data-tab=\"2\" role=\"tab\"><div>Etape 3<\/div><\/a><\/li><li class=\"uagb-tab\" role=\"none\"><a href=\"#uagb-tabs__tab3\" class=\"uagb-tabs-list uagb-tabs__icon-position-left\" data-tab=\"3\" role=\"tab\"><div>Etape 4<\/div><\/a><\/li><li class=\"uagb-tab\" role=\"none\"><a href=\"#uagb-tabs__tab4\" class=\"uagb-tabs-list uagb-tabs__icon-position-left\" data-tab=\"4\" role=\"tab\"><div>Etape 5<\/div><\/a><\/li><\/ul><div class=\"uagb-tabs__body-wrap\">\n<div data-aos= \"fade\" data-aos-duration=\"400\" data-aos-delay=\"0\" data-aos-easing=\"ease\" data-aos-once=\"true\" class=\"wp-block-uagb-tabs-child uagb-tabs__body-container uagb-inner-tab-0 uag-blocks-common-selector\" aria-labelledby=\"uagb-tabs__tab0\" style=\"--z-index-desktop:476;;--z-index-tablet:undefined;;--z-index-mobile:undefined;\">\n<div class=\"wp-block-uagb-call-to-action uagb-block-65dd81c0 wp-block-button\"><div class=\"uagb-cta__wrap\"><h3 class=\"uagb-cta__title\">Auto-\u00e9<strong>valuation en ligne gratuite<\/strong> : <strong>14 questions &#8211; 7 \u00e9tudes de cas<\/strong><\/h3><p class=\"uagb-cta__desc\">Formulaire simple <br>R\u00e9sultat imm\u00e9diat avec un <strong>niveau de culture s\u00e9curit\u00e9<\/strong><br> Attestation d&rsquo;\u00e9valuation.<br>Suggestion des ressources<\/p><\/div><div class=\"uagb-cta__buttons\"><a href=\"#\" class=\"uagb-cta__button-link-wrapper wp-block-button__link\" target=\"_self\" rel=\"noopener noreferrer\">Evaluation gratuite<svg xmlns=\"https:\/\/www.w3.org\/2000\/svg\" viewbox=\"0 0 512 512\"><path d=\"M504.3 273.6l-112.1 104c-6.992 6.484-17.18 8.218-25.94 4.406c-8.758-3.812-14.42-12.45-14.42-21.1L351.9 288H32C14.33 288 .0002 273.7 .0002 255.1S14.33 224 32 224h319.9l0-72c0-9.547 5.66-18.19 14.42-22c8.754-3.809 18.95-2.075 25.94 4.41l112.1 104C514.6 247.9 514.6 264.1 504.3 273.6z\"><\/path><\/svg><\/a><\/div><\/div>\n\n\n\n<div class=\"wp-block-uagb-call-to-action uagb-block-2b080ab1 wp-block-button\"><div class=\"uagb-cta__wrap\"><h3 class=\"uagb-cta__title\">Auto-\u00e9<strong>valuation en ligne compl\u00e8te<\/strong> : 70 questions &#8211; 21 \u00e9tudes de cas <\/h3><p class=\"uagb-cta__desc\">Accompagnement 2h d&rsquo;audit + demande de pi\u00e8ces justificatifs pour valider la niveau &#8211; Certification de niveau.<br><strong>Un score ou niveau plus d\u00e9taill\u00e9<\/strong><\/p><\/div><div class=\"uagb-cta__buttons\"><a href=\"#\" class=\"uagb-cta__button-link-wrapper wp-block-button__link\" target=\"_self\" rel=\"noopener noreferrer\">Evaluation compl\u00e8te<svg xmlns=\"https:\/\/www.w3.org\/2000\/svg\" viewbox=\"0 0 512 512\"><path d=\"M504.3 273.6l-112.1 104c-6.992 6.484-17.18 8.218-25.94 4.406c-8.758-3.812-14.42-12.45-14.42-21.1L351.9 288H32C14.33 288 .0002 273.7 .0002 255.1S14.33 224 32 224h319.9l0-72c0-9.547 5.66-18.19 14.42-22c8.754-3.809 18.95-2.075 25.94 4.41l112.1 104C514.6 247.9 514.6 264.1 504.3 273.6z\"><\/path><\/svg><\/a><\/div><\/div>\n<\/div>\n\n\n\n<div data-aos= \"fade\" data-aos-duration=\"400\" data-aos-delay=\"0\" data-aos-easing=\"ease\" data-aos-once=\"true\" class=\"wp-block-uagb-tabs-child uagb-tabs__body-container uagb-inner-tab-1 uag-blocks-common-selector\" aria-labelledby=\"uagb-tabs__tab1\" style=\"--z-index-desktop:476;;--z-index-tablet:undefined;;--z-index-mobile:undefined;\">\n<p>Orientation vers le parcours d&rsquo;accompagnement adapt\u00e9 \u00e0 ton niveau de maturit\u00e9<\/p>\n\n\n\n<div class=\"wp-block-uagb-image uagb-block-3a5b5229 wp-block-uagb-image--layout-default wp-block-uagb-image--effect-static wp-block-uagb-image--align-none\"><figure class=\"wp-block-uagb-image__figure\"><img loading=\"lazy\" decoding=\"async\" srcset=\"https:\/\/qarevia-consulting.com\/wp-content\/uploads\/2025\/05\/Accompagnements-1-2-724x1024.png ,https:\/\/qarevia-consulting.com\/wp-content\/uploads\/2025\/05\/Accompagnements-1-2.png 780w, https:\/\/qarevia-consulting.com\/wp-content\/uploads\/2025\/05\/Accompagnements-1-2.png 360w\" sizes=\"auto, (max-width: 480px) 150px\" src=\"https:\/\/qarevia-consulting.com\/wp-content\/uploads\/2025\/05\/Accompagnements-1-2-724x1024.png\" alt=\"\" class=\"uag-image-167\" width=\"724\" height=\"1024\" title=\"Accompagnements 1\" role=\"img\"\/><\/figure><\/div>\n\n\n\n<div data-wp-interactive=\"core\/file\" class=\"wp-block-file alignfull\"><object data-wp-bind--hidden=\"!state.hasPdfPreview\" hidden class=\"wp-block-file__embed\" data=\"http:\/\/qarevia-consulting.com\/wp-content\/uploads\/2025\/05\/accompagnements-3-niveaux-de-maturite.pdf\" type=\"application\/pdf\" style=\"width:100%;height:200px\" aria-label=\"Embed of accompagnements 3 niveaux de maturite.\"><\/object><a id=\"wp-block-file--media-179b6444-045f-49f5-b79e-80034e9764cd\" href=\"http:\/\/qarevia-consulting.com\/wp-content\/uploads\/2025\/05\/accompagnements-3-niveaux-de-maturite.pdf\">accompagnements 3 niveaux de maturite<\/a><a href=\"http:\/\/qarevia-consulting.com\/wp-content\/uploads\/2025\/05\/accompagnements-3-niveaux-de-maturite.pdf\" class=\"wp-block-file__button wp-element-button\" download aria-describedby=\"wp-block-file--media-179b6444-045f-49f5-b79e-80034e9764cd\">T\u00e9l\u00e9charger<\/a><\/div>\n<\/div>\n\n\n\n<div data-aos= \"fade\" data-aos-duration=\"400\" data-aos-delay=\"0\" data-aos-easing=\"ease\" data-aos-once=\"true\" class=\"wp-block-uagb-tabs-child uagb-tabs__body-container uagb-inner-tab-2 uag-blocks-common-selector\" aria-labelledby=\"uagb-tabs__tab2\" style=\"--z-index-desktop:476;;--z-index-tablet:undefined;;--z-index-mobile:undefined;\">\n<p>Choisis ton suivi et ton nombre d&rsquo;heure d&rsquo;accompagnement pour te pr\u00e9paration \u00e0 ta certification au niveau n+1<\/p>\n\n\n\n<div class=\"wp-block-group is-layout-constrained wp-block-group-is-layout-constrained\">\n<div class=\"wp-block-uagb-image uagb-block-a974e3d3 wp-block-uagb-image--layout-default wp-block-uagb-image--effect-static wp-block-uagb-image--align-none\"><figure class=\"wp-block-uagb-image__figure\"><img loading=\"lazy\" decoding=\"async\" srcset=\"https:\/\/qarevia-consulting.com\/wp-content\/uploads\/2025\/05\/TABLEAU-FORMULE-1024x618.png ,https:\/\/qarevia-consulting.com\/wp-content\/uploads\/2025\/05\/TABLEAU-FORMULE.png 780w, https:\/\/qarevia-consulting.com\/wp-content\/uploads\/2025\/05\/TABLEAU-FORMULE.png 360w\" sizes=\"auto, (max-width: 480px) 150px\" src=\"https:\/\/qarevia-consulting.com\/wp-content\/uploads\/2025\/05\/TABLEAU-FORMULE-1024x618.png\" alt=\"\" class=\"uag-image-166\" width=\"1024\" height=\"713\" title=\"TABLEAU FORMULE\" role=\"img\"\/><\/figure><\/div>\n<\/div>\n<\/div>\n\n\n\n<div data-aos= \"fade\" data-aos-duration=\"400\" data-aos-delay=\"0\" data-aos-easing=\"ease\" data-aos-once=\"true\" class=\"wp-block-uagb-tabs-child uagb-tabs__body-container uagb-inner-tab-3 uag-blocks-common-selector\" aria-labelledby=\"uagb-tabs__tab3\" style=\"--z-index-desktop:476;;--z-index-tablet:undefined;;--z-index-mobile:undefined;\">\n<p>Certification<\/p>\n<\/div>\n\n\n\n<div data-aos= \"fade\" data-aos-duration=\"400\" data-aos-delay=\"0\" data-aos-easing=\"ease\" data-aos-once=\"true\" class=\"wp-block-uagb-tabs-child uagb-tabs__body-container uagb-inner-tab-4 uag-blocks-common-selector\" aria-labelledby=\"uagb-tabs__tab4\" style=\"--z-index-desktop:476;;--z-index-tablet:undefined;;--z-index-mobile:undefined;\">\n<p>Valorisation de vos r\u00e9sultats &#8211; Communication interne et externe<\/p>\n\n\n      \n\t\t\t<div class=\"uagb-icon-wrapper uagb-block-f0e2b760\"\n\t\t\tstyle=\"\" >\n\t\t\t\t\t\t\t\t\t<span class=\"uagb-svg-wrapper\" \n\t\t\t\t\t aria-label=\"circle-check\"\t\t\t\t\ttabindex=\"0\">\t\t\n\t\t\t\t\t\t\t\t\t\t<svg xmlns=\"https:\/\/www.w3.org\/2000\/svg\" viewbox= \"0 0 512 512\" role=\"graphics-symbol\" aria-hidden=\"false\" aria-label=\"\"><path d=\"M0 256C0 114.6 114.6 0 256 0C397.4 0 512 114.6 512 256C512 397.4 397.4 512 256 512C114.6 512 0 397.4 0 256zM371.8 211.8C382.7 200.9 382.7 183.1 371.8 172.2C360.9 161.3 343.1 161.3 332.2 172.2L224 280.4L179.8 236.2C168.9 225.3 151.1 225.3 140.2 236.2C129.3 247.1 129.3 264.9 140.2 275.8L204.2 339.8C215.1 350.7 232.9 350.7 243.8 339.8L371.8 211.8z\"><\/path><\/svg>\n\t\t\t\t\t\t\t\t\t<\/span>\n\t\t\t\t\t\t\t<\/div>\n\t\t\t<\/div>\n<\/div><\/div>\n<\/div>\n\n\n\n<p class=\"has-midnight-gradient-background has-background\"><\/p>\n\n\n\n<p><\/p>","protected":false},"excerpt":{"rendered":"<p>Pourquoi choisir Pr\u00e9ven&rsquo;Care &amp; Mental&rsquo;Care ? Chez Safevia Consulting, nous pensons qu\u2019une culture s\u00e9curit\u00e9 ne se d\u00e9cr\u00e8te pas.Elle se construit, [&hellip;]<\/p>","protected":false},"author":1,"featured_media":0,"parent":0,"menu_order":0,"comment_status":"closed","ping_status":"closed","template":"","meta":{"_uag_custom_page_level_css":"","site-sidebar-layout":"default","site-content-layout":"","ast-site-content-layout":"","site-content-style":"default","site-sidebar-style":"default","ast-global-header-display":"","ast-banner-title-visibility":"","ast-main-header-display":"","ast-hfb-above-header-display":"","ast-hfb-below-header-display":"","ast-hfb-mobile-header-display":"","site-post-title":"disabled","ast-breadcrumbs-content":"","ast-featured-img":"","footer-sml-layout":"","ast-disable-related-posts":"","theme-transparent-header-meta":"","adv-header-id-meta":"","stick-header-meta":"","header-above-stick-meta":"","header-main-stick-meta":"","header-below-stick-meta":"","astra-migrate-meta-layouts":"default","ast-page-background-enabled":"default","ast-page-background-meta":{"desktop":{"background-color":"var(--ast-global-color-5)","background-image":"","background-repeat":"repeat","background-position":"center center","background-size":"auto","background-attachment":"scroll","background-type":"","background-media":"","overlay-type":"","overlay-color":"","overlay-opacity":"","overlay-gradient":""},"tablet":{"background-color":"","background-image":"","background-repeat":"repeat","background-position":"center center","background-size":"auto","background-attachment":"scroll","background-type":"","background-media":"","overlay-type":"","overlay-color":"","overlay-opacity":"","overlay-gradient":""},"mobile":{"background-color":"","background-image":"","background-repeat":"repeat","background-position":"center center","background-size":"auto","background-attachment":"scroll","background-type":"","background-media":"","overlay-type":"","overlay-color":"","overlay-opacity":"","overlay-gradient":""}},"ast-content-background-meta":{"desktop":{"background-color":"var(--ast-global-color-4)","background-image":"","background-repeat":"repeat","background-position":"center center","background-size":"auto","background-attachment":"scroll","background-type":"","background-media":"","overlay-type":"","overlay-color":"","overlay-opacity":"","overlay-gradient":""},"tablet":{"background-color":"var(--ast-global-color-4)","background-image":"","background-repeat":"repeat","background-position":"center center","background-size":"auto","background-attachment":"scroll","background-type":"","background-media":"","overlay-type":"","overlay-color":"","overlay-opacity":"","overlay-gradient":""},"mobile":{"background-color":"var(--ast-global-color-4)","background-image":"","background-repeat":"repeat","background-position":"center center","background-size":"auto","background-attachment":"scroll","background-type":"","background-media":"","overlay-type":"","overlay-color":"","overlay-opacity":"","overlay-gradient":""}},"footnotes":""},"class_list":["post-120","page","type-page","status-publish","hentry"],"yoast_head":"<!-- This site is optimized with the Yoast SEO plugin v27.4 - https:\/\/yoast.com\/product\/yoast-seo-wordpress\/ -->\n<title>Certification Pr\u00e9ven&#039;Care &amp; Mental&#039;Care - Strat\u00e9gie de pr\u00e9vention et QSE<\/title>\n<meta name=\"robots\" content=\"noindex, follow, max-snippet:-1, max-image-preview:large, max-video-preview:-1\" \/>\n<meta property=\"og:locale\" content=\"en_US\" \/>\n<meta property=\"og:type\" content=\"article\" \/>\n<meta property=\"og:title\" content=\"Certification Pr\u00e9ven&#039;Care &amp; Mental&#039;Care - Strat\u00e9gie de pr\u00e9vention et QSE\" \/>\n<meta property=\"og:description\" content=\"Pourquoi choisir Pr\u00e9ven&rsquo;Care &amp; Mental&rsquo;Care ? Chez Safevia Consulting, nous pensons qu\u2019une culture s\u00e9curit\u00e9 ne se d\u00e9cr\u00e8te pas.Elle se construit, [&hellip;]\" \/>\n<meta property=\"og:url\" content=\"https:\/\/qarevia-consulting.com\/en\/nos-accompagnements\/\" \/>\n<meta property=\"og:site_name\" content=\"Strat\u00e9gie de pr\u00e9vention et QSE\" \/>\n<meta property=\"article:modified_time\" content=\"2025-05-19T18:46:51+00:00\" \/>\n<meta property=\"og:image\" content=\"http:\/\/qarevia-consulting.com\/wp-content\/uploads\/2025\/05\/Accompagnements-1-2-724x1024.png\" \/>\n<meta name=\"twitter:card\" content=\"summary_large_image\" \/>\n<meta name=\"twitter:label1\" content=\"Est. reading time\" \/>\n\t<meta name=\"twitter:data1\" content=\"2 minutes\" \/>\n<script type=\"application\/ld+json\" class=\"yoast-schema-graph\">{\"@context\":\"https:\\\/\\\/schema.org\",\"@graph\":[{\"@type\":\"WebPage\",\"@id\":\"https:\\\/\\\/qarevia-consulting.com\\\/nos-accompagnements\\\/\",\"url\":\"https:\\\/\\\/qarevia-consulting.com\\\/nos-accompagnements\\\/\",\"name\":\"Certification Pr\u00e9ven'Care &amp; Mental'Care - Strat\u00e9gie de pr\u00e9vention et QSE\",\"isPartOf\":{\"@id\":\"https:\\\/\\\/qarevia-consulting.com\\\/#website\"},\"primaryImageOfPage\":{\"@id\":\"https:\\\/\\\/qarevia-consulting.com\\\/nos-accompagnements\\\/#primaryimage\"},\"image\":{\"@id\":\"https:\\\/\\\/qarevia-consulting.com\\\/nos-accompagnements\\\/#primaryimage\"},\"thumbnailUrl\":\"http:\\\/\\\/qarevia-consulting.com\\\/wp-content\\\/uploads\\\/2025\\\/05\\\/Accompagnements-1-2-724x1024.png\",\"datePublished\":\"2025-05-02T00:41:55+00:00\",\"dateModified\":\"2025-05-19T18:46:51+00:00\",\"breadcrumb\":{\"@id\":\"https:\\\/\\\/qarevia-consulting.com\\\/nos-accompagnements\\\/#breadcrumb\"},\"inLanguage\":\"en-US\",\"potentialAction\":[{\"@type\":\"ReadAction\",\"target\":[\"https:\\\/\\\/qarevia-consulting.com\\\/nos-accompagnements\\\/\"]}]},{\"@type\":\"ImageObject\",\"inLanguage\":\"en-US\",\"@id\":\"https:\\\/\\\/qarevia-consulting.com\\\/nos-accompagnements\\\/#primaryimage\",\"url\":\"http:\\\/\\\/qarevia-consulting.com\\\/wp-content\\\/uploads\\\/2025\\\/05\\\/Accompagnements-1-2-724x1024.png\",\"contentUrl\":\"http:\\\/\\\/qarevia-consulting.com\\\/wp-content\\\/uploads\\\/2025\\\/05\\\/Accompagnements-1-2-724x1024.png\"},{\"@type\":\"BreadcrumbList\",\"@id\":\"https:\\\/\\\/qarevia-consulting.com\\\/nos-accompagnements\\\/#breadcrumb\",\"itemListElement\":[{\"@type\":\"ListItem\",\"position\":1,\"name\":\"Home\",\"item\":\"https:\\\/\\\/qarevia-consulting.com\\\/\"},{\"@type\":\"ListItem\",\"position\":2,\"name\":\"Certification Pr\u00e9ven&rsquo;Care &amp; Mental&rsquo;Care\"}]},{\"@type\":\"WebSite\",\"@id\":\"https:\\\/\\\/qarevia-consulting.com\\\/#website\",\"url\":\"https:\\\/\\\/qarevia-consulting.com\\\/\",\"name\":\"Strat\u00e9gie de pr\u00e9vention et QSE\",\"description\":\"\",\"publisher\":{\"@id\":\"https:\\\/\\\/qarevia-consulting.com\\\/#organization\"},\"potentialAction\":[{\"@type\":\"SearchAction\",\"target\":{\"@type\":\"EntryPoint\",\"urlTemplate\":\"https:\\\/\\\/qarevia-consulting.com\\\/?s={search_term_string}\"},\"query-input\":{\"@type\":\"PropertyValueSpecification\",\"valueRequired\":true,\"valueName\":\"search_term_string\"}}],\"inLanguage\":\"en-US\"},{\"@type\":\"Organization\",\"@id\":\"https:\\\/\\\/qarevia-consulting.com\\\/#organization\",\"name\":\"Strat\u00e9gie de pr\u00e9vention et QSE\",\"url\":\"https:\\\/\\\/qarevia-consulting.com\\\/\",\"logo\":{\"@type\":\"ImageObject\",\"inLanguage\":\"en-US\",\"@id\":\"https:\\\/\\\/qarevia-consulting.com\\\/#\\\/schema\\\/logo\\\/image\\\/\",\"url\":\"https:\\\/\\\/qarevia-consulting.com\\\/wp-content\\\/uploads\\\/2025\\\/04\\\/cropped-1-2.png\",\"contentUrl\":\"https:\\\/\\\/qarevia-consulting.com\\\/wp-content\\\/uploads\\\/2025\\\/04\\\/cropped-1-2.png\",\"width\":403,\"height\":246,\"caption\":\"Strat\u00e9gie de pr\u00e9vention et QSE\"},\"image\":{\"@id\":\"https:\\\/\\\/qarevia-consulting.com\\\/#\\\/schema\\\/logo\\\/image\\\/\"}}]}<\/script>\n<!-- \/ Yoast SEO plugin. -->","yoast_head_json":{"title":"Certification Pr\u00e9ven'Care &amp; Mental'Care - Strat\u00e9gie de pr\u00e9vention et QSE","robots":{"index":"noindex","follow":"follow","max-snippet":"max-snippet:-1","max-image-preview":"max-image-preview:large","max-video-preview":"max-video-preview:-1"},"og_locale":"en_US","og_type":"article","og_title":"Certification Pr\u00e9ven'Care &amp; Mental'Care - Strat\u00e9gie de pr\u00e9vention et QSE","og_description":"Pourquoi choisir Pr\u00e9ven&rsquo;Care &amp; Mental&rsquo;Care ? Chez Safevia Consulting, nous pensons qu\u2019une culture s\u00e9curit\u00e9 ne se d\u00e9cr\u00e8te pas.Elle se construit, [&hellip;]","og_url":"https:\/\/qarevia-consulting.com\/en\/nos-accompagnements\/","og_site_name":"Strat\u00e9gie de pr\u00e9vention et QSE","article_modified_time":"2025-05-19T18:46:51+00:00","og_image":[{"url":"http:\/\/qarevia-consulting.com\/wp-content\/uploads\/2025\/05\/Accompagnements-1-2-724x1024.png","type":"","width":"","height":""}],"twitter_card":"summary_large_image","twitter_misc":{"Est. reading time":"2 minutes"},"schema":{"@context":"https:\/\/schema.org","@graph":[{"@type":"WebPage","@id":"https:\/\/qarevia-consulting.com\/nos-accompagnements\/","url":"https:\/\/qarevia-consulting.com\/nos-accompagnements\/","name":"Certification Pr\u00e9ven'Care &amp; Mental'Care - Strat\u00e9gie de pr\u00e9vention et QSE","isPartOf":{"@id":"https:\/\/qarevia-consulting.com\/#website"},"primaryImageOfPage":{"@id":"https:\/\/qarevia-consulting.com\/nos-accompagnements\/#primaryimage"},"image":{"@id":"https:\/\/qarevia-consulting.com\/nos-accompagnements\/#primaryimage"},"thumbnailUrl":"http:\/\/qarevia-consulting.com\/wp-content\/uploads\/2025\/05\/Accompagnements-1-2-724x1024.png","datePublished":"2025-05-02T00:41:55+00:00","dateModified":"2025-05-19T18:46:51+00:00","breadcrumb":{"@id":"https:\/\/qarevia-consulting.com\/nos-accompagnements\/#breadcrumb"},"inLanguage":"en-US","potentialAction":[{"@type":"ReadAction","target":["https:\/\/qarevia-consulting.com\/nos-accompagnements\/"]}]},{"@type":"ImageObject","inLanguage":"en-US","@id":"https:\/\/qarevia-consulting.com\/nos-accompagnements\/#primaryimage","url":"http:\/\/qarevia-consulting.com\/wp-content\/uploads\/2025\/05\/Accompagnements-1-2-724x1024.png","contentUrl":"http:\/\/qarevia-consulting.com\/wp-content\/uploads\/2025\/05\/Accompagnements-1-2-724x1024.png"},{"@type":"BreadcrumbList","@id":"https:\/\/qarevia-consulting.com\/nos-accompagnements\/#breadcrumb","itemListElement":[{"@type":"ListItem","position":1,"name":"Home","item":"https:\/\/qarevia-consulting.com\/"},{"@type":"ListItem","position":2,"name":"Certification Pr\u00e9ven&rsquo;Care &amp; Mental&rsquo;Care"}]},{"@type":"WebSite","@id":"https:\/\/qarevia-consulting.com\/#website","url":"https:\/\/qarevia-consulting.com\/","name":"Strat\u00e9gie de pr\u00e9vention et QSE","description":"","publisher":{"@id":"https:\/\/qarevia-consulting.com\/#organization"},"potentialAction":[{"@type":"SearchAction","target":{"@type":"EntryPoint","urlTemplate":"https:\/\/qarevia-consulting.com\/?s={search_term_string}"},"query-input":{"@type":"PropertyValueSpecification","valueRequired":true,"valueName":"search_term_string"}}],"inLanguage":"en-US"},{"@type":"Organization","@id":"https:\/\/qarevia-consulting.com\/#organization","name":"Strat\u00e9gie de pr\u00e9vention et QSE","url":"https:\/\/qarevia-consulting.com\/","logo":{"@type":"ImageObject","inLanguage":"en-US","@id":"https:\/\/qarevia-consulting.com\/#\/schema\/logo\/image\/","url":"https:\/\/qarevia-consulting.com\/wp-content\/uploads\/2025\/04\/cropped-1-2.png","contentUrl":"https:\/\/qarevia-consulting.com\/wp-content\/uploads\/2025\/04\/cropped-1-2.png","width":403,"height":246,"caption":"Strat\u00e9gie de pr\u00e9vention et QSE"},"image":{"@id":"https:\/\/qarevia-consulting.com\/#\/schema\/logo\/image\/"}}]}},"uagb_featured_image_src":{"full":false,"thumbnail":false,"medium":false,"medium_large":false,"large":false,"1536x1536":false,"2048x2048":false,"trp-custom-language-flag":false},"uagb_author_info":{"display_name":"garcia-christelle95@hotmail.fr","author_link":"https:\/\/qarevia-consulting.com\/en\/author\/garcia-christelle95hotmail-fr\/"},"uagb_comment_info":0,"uagb_excerpt":"Pourquoi choisir Pr\u00e9ven&rsquo;Care &amp; Mental&rsquo;Care ? Chez Safevia Consulting, nous pensons qu\u2019une culture s\u00e9curit\u00e9 ne se d\u00e9cr\u00e8te pas.Elle se construit, [&hellip;]","_links":{"self":[{"href":"https:\/\/qarevia-consulting.com\/en\/wp-json\/wp\/v2\/pages\/120","targetHints":{"allow":["GET"]}}],"collection":[{"href":"https:\/\/qarevia-consulting.com\/en\/wp-json\/wp\/v2\/pages"}],"about":[{"href":"https:\/\/qarevia-consulting.com\/en\/wp-json\/wp\/v2\/types\/page"}],"author":[{"embeddable":true,"href":"https:\/\/qarevia-consulting.com\/en\/wp-json\/wp\/v2\/users\/1"}],"replies":[{"embeddable":true,"href":"https:\/\/qarevia-consulting.com\/en\/wp-json\/wp\/v2\/comments?post=120"}],"version-history":[{"count":28,"href":"https:\/\/qarevia-consulting.com\/en\/wp-json\/wp\/v2\/pages\/120\/revisions"}],"predecessor-version":[{"id":372,"href":"https:\/\/qarevia-consulting.com\/en\/wp-json\/wp\/v2\/pages\/120\/revisions\/372"}],"wp:attachment":[{"href":"https:\/\/qarevia-consulting.com\/en\/wp-json\/wp\/v2\/media?parent=120"}],"curies":[{"name":"wp","href":"https:\/\/api.w.org\/{rel}","templated":true}]}}