{"id":244,"date":"2025-05-11T19:13:47","date_gmt":"2025-05-11T19:13:47","guid":{"rendered":"https:\/\/qarevia-consulting.com\/nos-accompagnements-en-conseil\/"},"modified":"2025-06-01T13:20:39","modified_gmt":"2025-06-01T13:20:39","slug":"nos-accompagnements-en-conseil","status":"publish","type":"page","link":"https:\/\/qarevia-consulting.com\/en\/nos-accompagnements-en-conseil\/","title":{"rendered":"Nos accompagnements en conseil"},"content":{"rendered":"<div id=\"conseil-strategique\" class=\"wp-block-group has-ast-global-color-5-background-color has-background is-layout-constrained wp-block-group-is-layout-constrained\">\n<div class=\"wp-block-uagb-advanced-heading uagb-block-fa0b785d\"><h2 class=\"uagb-heading-text\"><strong><strong>Conseil Strat\u00e9gique<\/strong><\/strong><\/h2><\/div>\n\n\n\n<p>Nous accompagnons les organisations dans la d\u00e9finition et la mise en \u0153uvre de leur strat\u00e9gie en mati\u00e8re de pr\u00e9vention des risques, de performance et de transformation :<\/p>\n\n\n\n<ul class=\"wp-block-list\">\n<li>R\u00e9alisation de diagnostics approfondis (performance, culture de pr\u00e9vention, retour sur investissement, etc.)<\/li>\n\n\n\n<li>\u00c9laboration et d\u00e9ploiement ou optimisation d&rsquo;un syst\u00e8me de management en sant\u00e9 et s\u00e9curit\u00e9 au travail <\/li>\n\n\n\n<li>\u00c9laboration et d\u00e9ploiement de strat\u00e9gie de pr\u00e9vention sur mesure<\/li>\n\n\n\n<li>Conseil strat\u00e9gique global : budg\u00e9tisation, orientation, communication interne et externe<\/li>\n\n\n\n<li>Accompagnement \u00e0 la digitalisation des d\u00e9marches QSE (choix d\u2019outils, mise en \u0153uvre, formation)<\/li>\n\n\n\n<li>Pilotage de la conduite du changement au sein des \u00e9quipes<\/li>\n<\/ul>\n\n\n\n<p>Nous intervenons en appui des \u00e9quipes dirigeantes lors de situations critiques ou sensibles :<\/p>\n\n\n\n<ul class=\"wp-block-list\">\n<li>Assistance en cas d\u2019incident ou d\u2019accident : enqu\u00eate, analyse, recommandations techniques, communication institutionnelle (organismes externes, syndicats\u2026)<\/li>\n\n\n\n<li>Diagnostic cibl\u00e9 post-crise (analyse des causes, culture, accidentologie)<\/li>\n\n\n\n<li>Conception et diffusion de communications \u00e0 destination des parties prenantes internes et externes<\/li>\n<\/ul>\n<\/div>\n\n\n\n<div id=\"accompagnement-operationnel\" class=\"wp-block-group has-ast-global-color-4-background-color has-background is-layout-constrained wp-block-group-is-layout-constrained\">\n<div class=\"wp-block-uagb-advanced-heading uagb-block-df3a3c79\"><h2 class=\"uagb-heading-text\"><strong><strong>Accompagnement Op\u00e9rationnel<\/strong><\/strong><\/h2><\/div>\n\n\n\n<p>Nous apportons un soutien technique et m\u00e9thodologique \u00e0 toutes les \u00e9tapes de vos d\u00e9marches de pr\u00e9vention :<\/p>\n\n\n\n<ul class=\"wp-block-list\">\n<li>R\u00e9daction de documents strat\u00e9giques : programme de pr\u00e9vention, plans d\u2019action annuel, triannuel, politique s\u00e9curit\u00e9\u2026<\/li>\n\n\n\n<li>R\u00e9alisation d\u2019\u00e9tudes de risques : ergonomiques, psychosociaux, organisationnels (enqu\u00eates, rapports, restitution)<\/li>\n\n\n\n<li>Conception de supports de formation et de sensibilisation (questionnaires, guides, modules p\u00e9dagogiques)<\/li>\n\n\n\n<li>Cr\u00e9ation de contenus p\u00e9dagogiques personnalis\u00e9s, en coh\u00e9rence avec votre charte graphique ou cr\u00e9ation d\u2019une nouvelle identit\u00e9 visuelle<\/li>\n\n\n\n<li>Accompagnement dans l\u2019\u00e9valuation des risques professionnels (DUERP, etc.).<\/li>\n\n\n\n<li>Animations de formations, sessions de coaching, actions de sensibilisation aupr\u00e8s des collaborateurs.<\/li>\n<\/ul>\n<\/div>\n\n\n\n<div id=\"audit-certification\" class=\"wp-block-group has-ast-global-color-5-background-color has-background is-layout-constrained wp-block-group-is-layout-constrained\">\n<div class=\"wp-block-uagb-advanced-heading uagb-block-64889fe2\"><h2 class=\"uagb-heading-text\"><strong><strong>Audit, Certification &amp; Labels<\/strong><\/strong><\/h2><\/div>\n\n\n\n<p>Nous accompagnons tout type d&rsquo;organisation dans vos d\u00e9marches de reconnaissance et d\u2019am\u00e9lioration continue :<\/p>\n\n\n\n<ul class=\"wp-block-list\">\n<li>Conseil strat\u00e9gique pour le choix et l\u2019obtention de labels ou certifications<\/li>\n\n\n\n<li>Pr\u00e9paration aux audits et certifications<\/li>\n\n\n\n<li>Accompagnement \u00e0 la certification : suivi semestriel ou annuel<\/li>\n\n\n\n<li>Cr\u00e9ation de son propre r\u00e9f\u00e9rentiel (combinaison de diff\u00e9rents r\u00e9f\u00e9rentiels).<\/li>\n<\/ul>\n\n\n\n<div class=\"wp-block-uagb-advanced-heading uagb-block-05fab232\"><h3 class=\"uagb-heading-text\">Quels sont les domaines de Certifications &amp; Labels ?<\/h3><\/div>\n\n\n\n<div class=\"wp-block-columns is-layout-flex wp-container-core-columns-is-layout-28f84493 wp-block-columns-is-layout-flex\">\n<div class=\"wp-block-column is-layout-flow wp-block-column-is-layout-flow\">\n<div class=\"wp-block-uagb-advanced-heading uagb-block-986f85a3\"><h3 class=\"uagb-heading-text\">S\u00e9curit\u00e9<\/h3><\/div>\n\n\n\n<div class=\"wp-block-uagb-image uagb-block-b2705588 wp-block-uagb-image--layout-default wp-block-uagb-image--effect-static wp-block-uagb-image--align-none\"><figure class=\"wp-block-uagb-image__figure\"><img loading=\"lazy\" decoding=\"async\" srcset=\"https:\/\/qarevia-consulting.com\/wp-content\/uploads\/2025\/05\/imagen-noticia-Iso-45001.jpg ,https:\/\/qarevia-consulting.com\/wp-content\/uploads\/2025\/05\/imagen-noticia-Iso-45001.jpg 780w, https:\/\/qarevia-consulting.com\/wp-content\/uploads\/2025\/05\/imagen-noticia-Iso-45001.jpg 360w\" sizes=\"auto, (max-width: 480px) 150px\" src=\"https:\/\/qarevia-consulting.com\/wp-content\/uploads\/2025\/05\/imagen-noticia-Iso-45001.jpg\" alt=\"\" class=\"uag-image-305\" width=\"302\" height=\"149\" title=\"imagen-noticia-Iso-45001\" role=\"img\"\/><\/figure><\/div>\n\n\n\n<ul class=\"wp-block-list\">\n<li>Norme internationale : Syst\u00e8mes de management de la sant\u00e9 et de la s\u00e9curit\u00e9 au travail &#8211; ISO 45001.<\/li>\n\n\n\n<li>Manuel d&rsquo;am\u00e9lioration s\u00e9curit\u00e9 pour les entreprises (MASE)<\/li>\n<\/ul>\n<\/div>\n\n\n\n<div class=\"wp-block-column is-layout-flow wp-block-column-is-layout-flow\">\n<div class=\"wp-block-uagb-advanced-heading uagb-block-4c8a7224\"><h3 class=\"uagb-heading-text\">Social \/ QVCT<\/h3><\/div>\n\n\n\n<div class=\"wp-block-uagb-image uagb-block-266586b6 wp-block-uagb-image--layout-default wp-block-uagb-image--effect-static wp-block-uagb-image--align-none\"><figure class=\"wp-block-uagb-image__figure\"><img loading=\"lazy\" decoding=\"async\" srcset=\"https:\/\/qarevia-consulting.com\/wp-content\/uploads\/2025\/05\/business-conflicts-two-female-employees-arguing-d-2022-12-16-08-44-11-utc-3-1024x683-1.jpg ,https:\/\/qarevia-consulting.com\/wp-content\/uploads\/2025\/05\/business-conflicts-two-female-employees-arguing-d-2022-12-16-08-44-11-utc-3-1024x683-1.jpg 780w, https:\/\/qarevia-consulting.com\/wp-content\/uploads\/2025\/05\/business-conflicts-two-female-employees-arguing-d-2022-12-16-08-44-11-utc-3-1024x683-1.jpg 360w\" sizes=\"auto, (max-width: 480px) 150px\" src=\"https:\/\/qarevia-consulting.com\/wp-content\/uploads\/2025\/05\/business-conflicts-two-female-employees-arguing-d-2022-12-16-08-44-11-utc-3-1024x683-1.jpg\" alt=\"\" class=\"uag-image-306\" width=\"307\" height=\"146\" title=\"Business Conflicts. Two Female Employees Arguing During Corporate Meeting In Office\" role=\"img\"\/><\/figure><\/div>\n\n\n\n<ul class=\"wp-block-list\">\n<li>Top Employers<\/li>\n\n\n\n<li>Great Place to Work<\/li>\n\n\n\n<li>B Corp &#8211; <\/li>\n\n\n\n<li>Label Lucie 26000<\/li>\n\n\n\n<li>Label HappyIndex\u00aeAtWork<\/li>\n\n\n\n<li>Label \u00ab\u00a0Entreprise o\u00f9 il fait bon travailler\u00a0\u00bb<\/li>\n\n\n\n<li>Label Best Workplaces\u2122<\/li>\n\n\n\n<li>Label \u00ab\u00a0Positive Company\u00a0\u00bb<\/li>\n\n\n\n<li>Label Diversit\u00e9 \/ \u00c9galit\u00e9 Professionnelle<\/li>\n\n\n\n<li>Label QVT (Qualit\u00e9 de Vie au Travail)<\/li>\n<\/ul>\n<\/div>\n\n\n\n<div class=\"wp-block-column is-layout-flow wp-block-column-is-layout-flow\">\n<div class=\"wp-block-uagb-advanced-heading uagb-block-0ee8336c\"><h3 class=\"uagb-heading-text\">Environnement<\/h3><\/div>\n\n\n\n<div class=\"wp-block-uagb-image uagb-block-ab9f0535 wp-block-uagb-image--layout-default wp-block-uagb-image--effect-static wp-block-uagb-image--align-none\"><figure class=\"wp-block-uagb-image__figure\"><img loading=\"lazy\" decoding=\"async\" srcset=\"https:\/\/qarevia-consulting.com\/wp-content\/uploads\/2025\/05\/vecteezy_hands-holding-young-plant_1259165-1024x683.jpg ,https:\/\/qarevia-consulting.com\/wp-content\/uploads\/2025\/05\/vecteezy_hands-holding-young-plant_1259165-scaled.jpg 780w, https:\/\/qarevia-consulting.com\/wp-content\/uploads\/2025\/05\/vecteezy_hands-holding-young-plant_1259165-scaled.jpg 360w\" sizes=\"auto, (max-width: 480px) 150px\" src=\"https:\/\/qarevia-consulting.com\/wp-content\/uploads\/2025\/05\/vecteezy_hands-holding-young-plant_1259165-1024x683.jpg\" alt=\"\" class=\"uag-image-307\" width=\"223\" height=\"148\" title=\"two hand holding young for planting in garden. concept save worl\" role=\"img\"\/><\/figure><\/div>\n<\/div>\n<\/div>\n\n\n\n<p>Accompagnement sur le choix Label RSE ou notation extra-financi\u00e8re<\/p>\n\n\n\n<ul class=\"wp-block-list\">\n<li>Conseil choix label RSE : <\/li>\n\n\n\n<li><strong>Ecovadis<\/strong> (\u00e9valuation RSE multi-crit\u00e8res)<\/li>\n\n\n\n<li><strong>Lucie 26000<\/strong> (label bas\u00e9 sur ISO 26000)<\/li>\n\n\n\n<li><strong>B Corp<\/strong> (certification entreprise \u00e0 impact positif)<\/li>\n\n\n\n<li><strong>GRI (Global Reporting Initiative)<\/strong> \u2013 utilis\u00e9 pour les rapports de durabilit\u00e9<\/li>\n\n\n\n<li><strong>SA 8000<\/strong> (norme sur la responsabilit\u00e9 sociale, ax\u00e9e sur les conditions de travail)<\/li>\n\n\n\n<li><strong>SDG Compass<\/strong> (suivi des ODD \u2013 Objectifs de D\u00e9veloppement Durable)<\/li>\n<\/ul>\n\n\n\n<h4 class=\"wp-block-heading\"><strong>Audits de reporting ESG (Environnement, Social, Gouvernance)<\/strong><\/h4>\n\n\n\n<ul class=\"wp-block-list\">\n<li>R\u00e9alis\u00e9s dans le cadre de la <strong>CSRD (Corporate Sustainability Reporting Directive)<\/strong> en Europe.<\/li>\n\n\n\n<li>Portent sur la qualit\u00e9 et la fiabilit\u00e9 des donn\u00e9es environnementales, sociales, de gouvernance.<\/li>\n<\/ul>\n\n\n\n<h4 class=\"wp-block-heading\">4. <strong>Audits carbone \/ empreinte environnementale<\/strong><\/h4>\n\n\n\n<ul class=\"wp-block-list\">\n<li><strong>Bilan carbone\u00ae<\/strong>, <strong>GHG Protocol<\/strong>, <strong>Scope 1-2-3<\/strong>.<\/li>\n\n\n\n<li>Fr\u00e9quemment demand\u00e9s dans le cadre des politiques climatiques d&rsquo;entreprise<\/li>\n<\/ul>\n\n\n\n<div class=\"wp-block-group is-layout-constrained wp-block-group-is-layout-constrained\">\n<div class=\"wp-block-uagb-advanced-heading uagb-block-55b34531\"><h2 class=\"uagb-heading-text\">Certification social, humain<\/h2><\/div>\n\n\n\n<p><\/p>\n<\/div>\n\n\n\n<p><\/p>\n\n\n\n<p>Accompagnement sur le choix Label \/certification bien-\u00eatre mental  <\/p>\n<\/div>\n\n\n\n<div id=\"conseil-reglementaire\" class=\"wp-block-group has-ast-global-color-4-background-color has-background is-layout-constrained wp-block-group-is-layout-constrained\">\n<div class=\"wp-block-uagb-advanced-heading uagb-block-2cf73e22\"><h2 class=\"uagb-heading-text\"><strong><strong>Conseil R\u00e9glementaire &amp; Normatif<\/strong><\/strong><\/h2><\/div>\n\n\n\n<p>Nous vous apportons une expertise juridique et technique adapt\u00e9e \u00e0 votre secteur :<\/p>\n\n\n\n<ul class=\"wp-block-list\">\n<li>Diagnostic de conformit\u00e9 r\u00e9glementaire en conformit\u00e9 r\u00e9glementaire et normative (QSE, INRS, CARSAT\u2026)<\/li>\n\n\n\n<li>Veille et interpr\u00e9tation r\u00e9glementaire<\/li>\n\n\n\n<li>Appui dans l&rsquo;int\u00e9gration des exigences l\u00e9gales dans vos politiques et processus internes<\/li>\n<\/ul>\n<\/div>\n\n\n\n<p><\/p>","protected":false},"excerpt":{"rendered":"<p>Conseil Strat\u00e9gique Nous accompagnons les organisations dans la d\u00e9finition et la mise en \u0153uvre de leur strat\u00e9gie en mati\u00e8re de [&hellip;]<\/p>","protected":false},"author":1,"featured_media":0,"parent":0,"menu_order":0,"comment_status":"closed","ping_status":"closed","template":"","meta":{"_uag_custom_page_level_css":"","site-sidebar-layout":"default","site-content-layout":"","ast-site-content-layout":"","site-content-style":"default","site-sidebar-style":"default","ast-global-header-display":"","ast-banner-title-visibility":"","ast-main-header-display":"","ast-hfb-above-header-display":"","ast-hfb-below-header-display":"","ast-hfb-mobile-header-display":"","site-post-title":"disabled","ast-breadcrumbs-content":"","ast-featured-img":"","footer-sml-layout":"","ast-disable-related-posts":"","theme-transparent-header-meta":"","adv-header-id-meta":"","stick-header-meta":"","header-above-stick-meta":"","header-main-stick-meta":"","header-below-stick-meta":"","astra-migrate-meta-layouts":"default","ast-page-background-enabled":"default","ast-page-background-meta":{"desktop":{"background-color":"var(--ast-global-color-5)","background-image":"","background-repeat":"repeat","background-position":"center center","background-size":"auto","background-attachment":"scroll","background-type":"","background-media":"","overlay-type":"","overlay-color":"","overlay-opacity":"","overlay-gradient":""},"tablet":{"background-color":"","background-image":"","background-repeat":"repeat","background-position":"center center","background-size":"auto","background-attachment":"scroll","background-type":"","background-media":"","overlay-type":"","overlay-color":"","overlay-opacity":"","overlay-gradient":""},"mobile":{"background-color":"","background-image":"","background-repeat":"repeat","background-position":"center center","background-size":"auto","background-attachment":"scroll","background-type":"","background-media":"","overlay-type":"","overlay-color":"","overlay-opacity":"","overlay-gradient":""}},"ast-content-background-meta":{"desktop":{"background-color":"var(--ast-global-color-4)","background-image":"","background-repeat":"repeat","background-position":"center center","background-size":"auto","background-attachment":"scroll","background-type":"","background-media":"","overlay-type":"","overlay-color":"","overlay-opacity":"","overlay-gradient":""},"tablet":{"background-color":"var(--ast-global-color-4)","background-image":"","background-repeat":"repeat","background-position":"center center","background-size":"auto","background-attachment":"scroll","background-type":"","background-media":"","overlay-type":"","overlay-color":"","overlay-opacity":"","overlay-gradient":""},"mobile":{"background-color":"var(--ast-global-color-4)","background-image":"","background-repeat":"repeat","background-position":"center center","background-size":"auto","background-attachment":"scroll","background-type":"","background-media":"","overlay-type":"","overlay-color":"","overlay-opacity":"","overlay-gradient":""}},"footnotes":""},"class_list":["post-244","page","type-page","status-publish","hentry"],"yoast_head":"<!-- This site is optimized with the Yoast SEO plugin v27.4 - https:\/\/yoast.com\/product\/yoast-seo-wordpress\/ -->\n<title>Nos accompagnements en conseil - Strat\u00e9gie de pr\u00e9vention et QSE<\/title>\n<meta name=\"robots\" content=\"noindex, follow, max-snippet:-1, max-image-preview:large, max-video-preview:-1\" \/>\n<meta property=\"og:locale\" content=\"en_US\" \/>\n<meta property=\"og:type\" content=\"article\" \/>\n<meta property=\"og:title\" content=\"Nos accompagnements en conseil - Strat\u00e9gie de pr\u00e9vention et QSE\" \/>\n<meta property=\"og:description\" content=\"Conseil Strat\u00e9gique Nous accompagnons les organisations dans la d\u00e9finition et la mise en \u0153uvre de leur strat\u00e9gie en mati\u00e8re de [&hellip;]\" \/>\n<meta property=\"og:url\" content=\"https:\/\/qarevia-consulting.com\/en\/nos-accompagnements-en-conseil\/\" \/>\n<meta property=\"og:site_name\" content=\"Strat\u00e9gie de pr\u00e9vention et QSE\" \/>\n<meta property=\"article:modified_time\" content=\"2025-06-01T13:20:39+00:00\" \/>\n<meta property=\"og:image\" content=\"http:\/\/qarevia-consulting.com\/wp-content\/uploads\/2025\/05\/imagen-noticia-Iso-45001.jpg\" \/>\n<meta name=\"twitter:card\" content=\"summary_large_image\" \/>\n<meta name=\"twitter:label1\" content=\"Est. reading time\" \/>\n\t<meta name=\"twitter:data1\" content=\"4 minutes\" \/>\n<script type=\"application\/ld+json\" class=\"yoast-schema-graph\">{\"@context\":\"https:\\\/\\\/schema.org\",\"@graph\":[{\"@type\":\"WebPage\",\"@id\":\"https:\\\/\\\/qarevia-consulting.com\\\/nos-accompagnements-en-conseil\\\/\",\"url\":\"https:\\\/\\\/qarevia-consulting.com\\\/nos-accompagnements-en-conseil\\\/\",\"name\":\"Nos accompagnements en conseil - Strat\u00e9gie de pr\u00e9vention et QSE\",\"isPartOf\":{\"@id\":\"https:\\\/\\\/qarevia-consulting.com\\\/#website\"},\"primaryImageOfPage\":{\"@id\":\"https:\\\/\\\/qarevia-consulting.com\\\/nos-accompagnements-en-conseil\\\/#primaryimage\"},\"image\":{\"@id\":\"https:\\\/\\\/qarevia-consulting.com\\\/nos-accompagnements-en-conseil\\\/#primaryimage\"},\"thumbnailUrl\":\"http:\\\/\\\/qarevia-consulting.com\\\/wp-content\\\/uploads\\\/2025\\\/05\\\/imagen-noticia-Iso-45001.jpg\",\"datePublished\":\"2025-05-11T19:13:47+00:00\",\"dateModified\":\"2025-06-01T13:20:39+00:00\",\"breadcrumb\":{\"@id\":\"https:\\\/\\\/qarevia-consulting.com\\\/nos-accompagnements-en-conseil\\\/#breadcrumb\"},\"inLanguage\":\"en-US\",\"potentialAction\":[{\"@type\":\"ReadAction\",\"target\":[\"https:\\\/\\\/qarevia-consulting.com\\\/nos-accompagnements-en-conseil\\\/\"]}]},{\"@type\":\"ImageObject\",\"inLanguage\":\"en-US\",\"@id\":\"https:\\\/\\\/qarevia-consulting.com\\\/nos-accompagnements-en-conseil\\\/#primaryimage\",\"url\":\"http:\\\/\\\/qarevia-consulting.com\\\/wp-content\\\/uploads\\\/2025\\\/05\\\/imagen-noticia-Iso-45001.jpg\",\"contentUrl\":\"http:\\\/\\\/qarevia-consulting.com\\\/wp-content\\\/uploads\\\/2025\\\/05\\\/imagen-noticia-Iso-45001.jpg\"},{\"@type\":\"BreadcrumbList\",\"@id\":\"https:\\\/\\\/qarevia-consulting.com\\\/nos-accompagnements-en-conseil\\\/#breadcrumb\",\"itemListElement\":[{\"@type\":\"ListItem\",\"position\":1,\"name\":\"Home\",\"item\":\"https:\\\/\\\/qarevia-consulting.com\\\/\"},{\"@type\":\"ListItem\",\"position\":2,\"name\":\"Nos accompagnements en conseil\"}]},{\"@type\":\"WebSite\",\"@id\":\"https:\\\/\\\/qarevia-consulting.com\\\/#website\",\"url\":\"https:\\\/\\\/qarevia-consulting.com\\\/\",\"name\":\"Strat\u00e9gie de pr\u00e9vention et QSE\",\"description\":\"\",\"publisher\":{\"@id\":\"https:\\\/\\\/qarevia-consulting.com\\\/#organization\"},\"potentialAction\":[{\"@type\":\"SearchAction\",\"target\":{\"@type\":\"EntryPoint\",\"urlTemplate\":\"https:\\\/\\\/qarevia-consulting.com\\\/?s={search_term_string}\"},\"query-input\":{\"@type\":\"PropertyValueSpecification\",\"valueRequired\":true,\"valueName\":\"search_term_string\"}}],\"inLanguage\":\"en-US\"},{\"@type\":\"Organization\",\"@id\":\"https:\\\/\\\/qarevia-consulting.com\\\/#organization\",\"name\":\"Strat\u00e9gie de pr\u00e9vention et QSE\",\"url\":\"https:\\\/\\\/qarevia-consulting.com\\\/\",\"logo\":{\"@type\":\"ImageObject\",\"inLanguage\":\"en-US\",\"@id\":\"https:\\\/\\\/qarevia-consulting.com\\\/#\\\/schema\\\/logo\\\/image\\\/\",\"url\":\"https:\\\/\\\/qarevia-consulting.com\\\/wp-content\\\/uploads\\\/2025\\\/04\\\/cropped-1-2.png\",\"contentUrl\":\"https:\\\/\\\/qarevia-consulting.com\\\/wp-content\\\/uploads\\\/2025\\\/04\\\/cropped-1-2.png\",\"width\":403,\"height\":246,\"caption\":\"Strat\u00e9gie de pr\u00e9vention et QSE\"},\"image\":{\"@id\":\"https:\\\/\\\/qarevia-consulting.com\\\/#\\\/schema\\\/logo\\\/image\\\/\"}}]}<\/script>\n<!-- \/ Yoast SEO plugin. -->","yoast_head_json":{"title":"Nos accompagnements en conseil - Strat\u00e9gie de pr\u00e9vention et QSE","robots":{"index":"noindex","follow":"follow","max-snippet":"max-snippet:-1","max-image-preview":"max-image-preview:large","max-video-preview":"max-video-preview:-1"},"og_locale":"en_US","og_type":"article","og_title":"Nos accompagnements en conseil - Strat\u00e9gie de pr\u00e9vention et QSE","og_description":"Conseil Strat\u00e9gique Nous accompagnons les organisations dans la d\u00e9finition et la mise en \u0153uvre de leur strat\u00e9gie en mati\u00e8re de [&hellip;]","og_url":"https:\/\/qarevia-consulting.com\/en\/nos-accompagnements-en-conseil\/","og_site_name":"Strat\u00e9gie de pr\u00e9vention et QSE","article_modified_time":"2025-06-01T13:20:39+00:00","og_image":[{"url":"http:\/\/qarevia-consulting.com\/wp-content\/uploads\/2025\/05\/imagen-noticia-Iso-45001.jpg","type":"","width":"","height":""}],"twitter_card":"summary_large_image","twitter_misc":{"Est. reading time":"4 minutes"},"schema":{"@context":"https:\/\/schema.org","@graph":[{"@type":"WebPage","@id":"https:\/\/qarevia-consulting.com\/nos-accompagnements-en-conseil\/","url":"https:\/\/qarevia-consulting.com\/nos-accompagnements-en-conseil\/","name":"Nos accompagnements en conseil - Strat\u00e9gie de pr\u00e9vention et QSE","isPartOf":{"@id":"https:\/\/qarevia-consulting.com\/#website"},"primaryImageOfPage":{"@id":"https:\/\/qarevia-consulting.com\/nos-accompagnements-en-conseil\/#primaryimage"},"image":{"@id":"https:\/\/qarevia-consulting.com\/nos-accompagnements-en-conseil\/#primaryimage"},"thumbnailUrl":"http:\/\/qarevia-consulting.com\/wp-content\/uploads\/2025\/05\/imagen-noticia-Iso-45001.jpg","datePublished":"2025-05-11T19:13:47+00:00","dateModified":"2025-06-01T13:20:39+00:00","breadcrumb":{"@id":"https:\/\/qarevia-consulting.com\/nos-accompagnements-en-conseil\/#breadcrumb"},"inLanguage":"en-US","potentialAction":[{"@type":"ReadAction","target":["https:\/\/qarevia-consulting.com\/nos-accompagnements-en-conseil\/"]}]},{"@type":"ImageObject","inLanguage":"en-US","@id":"https:\/\/qarevia-consulting.com\/nos-accompagnements-en-conseil\/#primaryimage","url":"http:\/\/qarevia-consulting.com\/wp-content\/uploads\/2025\/05\/imagen-noticia-Iso-45001.jpg","contentUrl":"http:\/\/qarevia-consulting.com\/wp-content\/uploads\/2025\/05\/imagen-noticia-Iso-45001.jpg"},{"@type":"BreadcrumbList","@id":"https:\/\/qarevia-consulting.com\/nos-accompagnements-en-conseil\/#breadcrumb","itemListElement":[{"@type":"ListItem","position":1,"name":"Home","item":"https:\/\/qarevia-consulting.com\/"},{"@type":"ListItem","position":2,"name":"Nos accompagnements en conseil"}]},{"@type":"WebSite","@id":"https:\/\/qarevia-consulting.com\/#website","url":"https:\/\/qarevia-consulting.com\/","name":"Strat\u00e9gie de pr\u00e9vention et QSE","description":"","publisher":{"@id":"https:\/\/qarevia-consulting.com\/#organization"},"potentialAction":[{"@type":"SearchAction","target":{"@type":"EntryPoint","urlTemplate":"https:\/\/qarevia-consulting.com\/?s={search_term_string}"},"query-input":{"@type":"PropertyValueSpecification","valueRequired":true,"valueName":"search_term_string"}}],"inLanguage":"en-US"},{"@type":"Organization","@id":"https:\/\/qarevia-consulting.com\/#organization","name":"Strat\u00e9gie de pr\u00e9vention et QSE","url":"https:\/\/qarevia-consulting.com\/","logo":{"@type":"ImageObject","inLanguage":"en-US","@id":"https:\/\/qarevia-consulting.com\/#\/schema\/logo\/image\/","url":"https:\/\/qarevia-consulting.com\/wp-content\/uploads\/2025\/04\/cropped-1-2.png","contentUrl":"https:\/\/qarevia-consulting.com\/wp-content\/uploads\/2025\/04\/cropped-1-2.png","width":403,"height":246,"caption":"Strat\u00e9gie de pr\u00e9vention et QSE"},"image":{"@id":"https:\/\/qarevia-consulting.com\/#\/schema\/logo\/image\/"}}]}},"uagb_featured_image_src":{"full":false,"thumbnail":false,"medium":false,"medium_large":false,"large":false,"1536x1536":false,"2048x2048":false,"trp-custom-language-flag":false},"uagb_author_info":{"display_name":"garcia-christelle95@hotmail.fr","author_link":"https:\/\/qarevia-consulting.com\/en\/author\/garcia-christelle95hotmail-fr\/"},"uagb_comment_info":0,"uagb_excerpt":"Conseil Strat\u00e9gique Nous accompagnons les organisations dans la d\u00e9finition et la mise en \u0153uvre de leur strat\u00e9gie en mati\u00e8re de [&hellip;]","_links":{"self":[{"href":"https:\/\/qarevia-consulting.com\/en\/wp-json\/wp\/v2\/pages\/244","targetHints":{"allow":["GET"]}}],"collection":[{"href":"https:\/\/qarevia-consulting.com\/en\/wp-json\/wp\/v2\/pages"}],"about":[{"href":"https:\/\/qarevia-consulting.com\/en\/wp-json\/wp\/v2\/types\/page"}],"author":[{"embeddable":true,"href":"https:\/\/qarevia-consulting.com\/en\/wp-json\/wp\/v2\/users\/1"}],"replies":[{"embeddable":true,"href":"https:\/\/qarevia-consulting.com\/en\/wp-json\/wp\/v2\/comments?post=244"}],"version-history":[{"count":9,"href":"https:\/\/qarevia-consulting.com\/en\/wp-json\/wp\/v2\/pages\/244\/revisions"}],"predecessor-version":[{"id":451,"href":"https:\/\/qarevia-consulting.com\/en\/wp-json\/wp\/v2\/pages\/244\/revisions\/451"}],"wp:attachment":[{"href":"https:\/\/qarevia-consulting.com\/en\/wp-json\/wp\/v2\/media?parent=244"}],"curies":[{"name":"wp","href":"https:\/\/api.w.org\/{rel}","templated":true}]}}